{"id":4652,"date":"2020-06-11T04:30:44","date_gmt":"2020-06-11T02:30:44","guid":{"rendered":"https:\/\/elite-properties-international.com\/mentions-legales\/"},"modified":"2022-09-16T15:17:21","modified_gmt":"2022-09-16T13:17:21","slug":"mentions-legales","status":"publish","type":"page","link":"https:\/\/elite-properties-international.com\/en\/mentions-legales\/","title":{"rendered":"Legal Notice"},"content":{"rendered":"\t\t<div data-elementor-type=\"wp-page\" data-elementor-id=\"4652\" class=\"elementor elementor-4652 elementor-2616\">\n\t\t\t\t\t\t<div class=\"elementor-inner\">\n\t\t\t\t<div class=\"elementor-section-wrap\">\n\t\t\t\t\t\t\t\t\t<section class=\"elementor-section elementor-top-section elementor-element elementor-element-818e825 elementor-section-boxed elementor-section-height-default elementor-section-height-default\" data-id=\"818e825\" data-element_type=\"section\">\n\t\t\t\t\t\t<div class=\"elementor-container elementor-column-gap-no\">\n\t\t\t\t\t\t\t<div class=\"elementor-row\">\n\t\t\t\t\t<div class=\"elementor-column elementor-col-100 elementor-top-column elementor-element elementor-element-c645ad6 elementor-invisible\" data-id=\"c645ad6\" data-element_type=\"column\" data-settings=\"{&quot;animation&quot;:&quot;fadeInLeft&quot;}\">\n\t\t\t<div class=\"elementor-column-wrap elementor-element-populated\">\n\t\t\t\t\t\t\t<div class=\"elementor-widget-wrap\">\n\t\t\t\t\t\t<section class=\"elementor-section elementor-inner-section elementor-element elementor-element-5ef0f4f elementor-section-content-middle elementor-section-boxed elementor-section-height-default elementor-section-height-default\" data-id=\"5ef0f4f\" data-element_type=\"section\" data-settings=\"{&quot;motion_fx_motion_fx_scrolling&quot;:&quot;yes&quot;,&quot;motion_fx_translateY_effect&quot;:&quot;yes&quot;,&quot;motion_fx_translateY_speed&quot;:{&quot;unit&quot;:&quot;px&quot;,&quot;size&quot;:1.5,&quot;sizes&quot;:[]},&quot;motion_fx_translateY_affectedRange&quot;:{&quot;unit&quot;:&quot;%&quot;,&quot;size&quot;:&quot;&quot;,&quot;sizes&quot;:{&quot;start&quot;:0,&quot;end&quot;:100}},&quot;motion_fx_devices&quot;:[&quot;desktop&quot;,&quot;tablet&quot;,&quot;mobile&quot;]}\">\n\t\t\t\t\t\t<div class=\"elementor-container elementor-column-gap-no\">\n\t\t\t\t\t\t\t<div class=\"elementor-row\">\n\t\t\t\t\t<div class=\"elementor-column elementor-col-100 elementor-inner-column elementor-element elementor-element-4c1643e\" data-id=\"4c1643e\" data-element_type=\"column\">\n\t\t\t<div class=\"elementor-column-wrap elementor-element-populated\">\n\t\t\t\t\t\t\t<div class=\"elementor-widget-wrap\">\n\t\t\t\t\t\t<div class=\"elementor-element elementor-element-da1bf93 elementor-widget elementor-widget-text-editor\" data-id=\"da1bf93\" data-element_type=\"widget\" data-widget_type=\"text-editor.default\">\n\t\t\t\t<div class=\"elementor-widget-container\">\n\t\t\t\t\t\t\t\t<div class=\"elementor-text-editor elementor-clearfix\">\n\t\t\t\t<p>Ce site web vous est offert sous r\u00e9serve de votre acceptation inconditionnelle des conditions d\u2019utilisation, des clauses et avertissements repris dans ce document. Par votre acc\u00e8s et utilisation du site web, vous acceptez les mentions l\u00e9gales sans aucunes r\u00e9serves.<\/p><h4>G\u00c9N\u00c9RALIT\u00c9S<\/h4><p>Le pr\u00e9sent site web est d\u00e9velopp\u00e9 par BEATIVO, d\u00e9nomm\u00e9e ci-apr\u00e8s \u00ab BEATIVO\u00bb, pour le compte de \u00ab Elite Properties International \u00bb, d\u00e9nomm\u00e9e ci-apr\u00e8s \u00ab le propri\u00e9taire \u00bb, responsable de la gestion et de l\u2019organisation du site. Le site constitue un guide d\u2019informations sur les prestations de services fournies par le propri\u00e9taire. Les informations figurant sur ce site sont de nature g\u00e9n\u00e9rale. Elles ne visent pas des situations sp\u00e9cifiques ou personnelles. Il convient de souligner que l\u2019information et les documents l\u00e9gislatifs disponibles sur ou via le site ne peuvent \u00eatre consid\u00e9r\u00e9s comme reproduction authentique des textes l\u00e9gaux. Seuls les textes officiels et publi\u00e9s au Moniteur Belge ont valeur d\u2019authenticit\u00e9. Elite Properties International est \u00e9tablie sous le nom commercial et la d\u00e9nomination sociale \u00ab Elite Properties International \u00bb et dont l\u2019adresse est Drumul Intre Tariale nr41c; 2nd floor, office35 &#8211; Bucharest Sector 3 (Romania).<br \/>AGENT IMMOBILIER AGREE IPI \u2013\u00a0<span class=\"m_-7106057959517394249rdtxt\">N\u00b0 102825 octroy\u00e9 en Belgique <\/span>(<a href=\"https:\/\/www.ipi.be\/\">https:\/\/www.ipi.be\/<\/a>)<\/p><p><strong>Elite Properties International<br \/><\/strong>Identit\u00e9 du responsable anti-blanchiment :\u00a0<br \/>info@elite-properties-international.com<\/p><p>Vous pouvez contacter le propri\u00e9taire via la page <a href=\"https:\/\/elite-properties-international.com\/en\/contact\/\">contact<\/a> de ce site.<\/p><h4>UTILISATION DU SITE<\/h4><p>Le propri\u00e9taire essaye que l\u2019information mise \u00e0 disposition soit compl\u00e8te, correcte, exhaustive et \u00e0 jour. Malgr\u00e9 ces efforts, des erreurs peuvent figurer dans l\u2019information mise \u00e0 votre disposition. Si l\u2019information diffus\u00e9e sur ou via le site comportait des erreurs ou si certaines informations \u00e9taient indisponibles sur ou via le site, le propri\u00e9taire mettra tout en \u0153uvre pour rectifier la situation. Si vous constatez des erreurs dans l\u2019information mise \u00e0 disposition sur le site, merci de contacter le propri\u00e9taire via la page contact de ce site.<\/p><h4>MODIFICATIONS<\/h4><p>Le propri\u00e9taire se r\u00e9serve le droit de modifier \u00e0 tout moment et sans notification pr\u00e9alable les pr\u00e9sentes conditions g\u00e9n\u00e9rales, les documents de son site ou des descriptions figurant dans ces documents.<\/p><h4>LIENS \u00c0 D\u2019AUTRES SITES INTERNET<\/h4><p>Les liens vers d\u2019autres sites Internet sont fournis exclusivement pour votre commodit\u00e9. Si vous utilisez ces liens, vous quitterez ce site. Le propri\u00e9taire a v\u00e9rifi\u00e9 tous ces sites externes, mais ne les contr\u00f4le pas. Pour cette raison, le propri\u00e9taire d\u00e9cline toute responsabilit\u00e9 concernant ces sites ou les informations, les logiciels ou autres produits et documents qui s\u2019y trouvent, ou concernant les cons\u00e9quences de leur utilisation. Si vous d\u00e9cidez d\u2019acc\u00e9der \u00e0 des sites externes reli\u00e9s \u00e0 ce site, vous le faites sous votre enti\u00e8re responsabilit\u00e9.<\/p><h4>L\u00c9GISLATION APPLICABLE ET TRIBUNAL COMP\u00c9TENT<\/h4><p>Tous les litiges li\u00e9s ou cons\u00e9cutifs au (\u00e0 l\u2019usage du) site web sont exclusivement soumis \u00e0 la l\u00e9gislation belge. Seuls les tribunaux de l\u2019arrondissement judiciaire du propri\u00e9taire\u00a0sont comp\u00e9tents pour trancher ces litiges. L\u2019usage de ce site web n\u2019est pas autoris\u00e9 dans les pays n\u2019appliquant pas l\u2019ensemble des pr\u00e9sentes dispositions, y compris le pr\u00e9sent paragraphe.<\/p><h4>CLAUSE D\u2019EXEMPTION<\/h4><p>Ne prenez aucune d\u00e9cision importante sur la base de l\u2019information dispens\u00e9e via ce site web ! Veuillez consulter une personne ayant la comp\u00e9tence professionnelle pour vous donner un avis sp\u00e9cifique adapt\u00e9 \u00e0 votre situation. Le propri\u00e9taire et Elite-Properties International ne peuvent en aucun cas \u00eatre tenue pour responsables, que ce soit au titre d\u2019une action en responsabilit\u00e9 contractuelle ou en responsabilit\u00e9 d\u00e9lictuelle de tout dommage direct, indirect ou incident (y compris notamment le manque \u00e0 gagner, la perte d\u2019\u00e9pargnes ou d\u2019opportunit\u00e9s professionnelles, perte de donn\u00e9es, dommage industriel, inactivit\u00e9 ou frais de personnel). Tout usage de ce site web se fait d\u00e8s lors enti\u00e8rement aux risques et p\u00e9rils de l\u2019utilisateur. Certains pays ou juridictions n\u2019autorisent pas d\u2019exclusion ou de limitation de responsabilit\u00e9 en cas de dommage indirect ou annexe de sorte que la pr\u00e9sente limitation pourrait ne pas s\u2019appliquer \u00e0 vous.<\/p><h4>REMARQUES<\/h4><p>Si vous avez des commentaires ou des questions sur notre politique de protection des donn\u00e9es, nous vous remercions de nous contacter via la page contact de ce site. Si vous ne pouvez approuver enti\u00e8rement ou partiellement ce site Web, votre seul recours consiste \u00e0 ne plus l\u2019utiliser.<\/p><h2>Vie priv\u00e9e<\/h2><h4>Donn\u00e9es personnelles<\/h4><p>\u00ab Le propri\u00e9taire\u00a0\u00bb, est susceptible de recueillir certaines informations nominatives vous concernant.<\/p><p>Ces donn\u00e9es personnelles seront trait\u00e9es conform\u00e9ment \u00e0 la l\u00e9gislation en vigueur. En particulier : les informations recueillies par le responsable du traitement, notamment les noms, pr\u00e9noms, adresses, num\u00e9ros de t\u00e9l\u00e9phone, courriels et URL de site Web que vous nous communiquez, peuvent \u00eatre encod\u00e9es dans des fichiers automatis\u00e9s de donn\u00e9es. Ces donn\u00e9es pourront \u00eatre utilis\u00e9es et trait\u00e9es par le propri\u00e9taire \u00e0 des fins de gestion de ses relations avec ses internautes et contacts, \u00e0 des fins de contr\u00f4le de r\u00e9gularit\u00e9 des op\u00e9rations de participation divers du m\u00e9tier du propri\u00e9taire et de lutte contre les \u00e9ventuels abus et irr\u00e9gularit\u00e9s.<\/p><p>Ces donn\u00e9es pourront \u00e9galement \u00eatre utilis\u00e9es \u00e0 des fins de marketing, de relations publiques et de prospection dans le cadre des activit\u00e9s du propri\u00e9taire par le propri\u00e9taire et ses partenaires, sauf opposition de votre part. Les personnes ont le droit de consulter gratuitement les donn\u00e9es personnelles les concernant et de les faire rectifier gratuitement si elles s\u2019av\u00e8rent incorrectes, incompl\u00e8tes ou non pertinentes. Les personnes qui souhaitent exercer ce droit peuvent le faire en adressant un courrier postal au propri\u00e9taire (dont les coordonn\u00e9es figurent sur la page Contacts) accompagn\u00e9 d\u2019une demande \u00e9crite, dat\u00e9e et sign\u00e9e, d\u2019une copie de la preuve d\u2019identit\u00e9. Les personnes qui le souhaitent peuvent \u00e9galement obtenir des informations compl\u00e9mentaires sur la l\u00e9gislation applicable en mati\u00e8re de protection des donn\u00e9es personnelles, aupr\u00e8s de la Commission pour la protection de la vie priv\u00e9e, avenue de la Porte de Hal, 5-8 \u00e0 1060 Bruxelles.<\/p><h4>UTILISATION DE L\u2019INFORMATION<\/h4><p>Nous n\u2019utiliserons les informations nominatives que pour :<\/p><ul><li>am\u00e9liorer notre capacit\u00e9 \u00e0 vous servir quand vous demandez des renseignements ou faites une demande ;<\/li><li>vous contacter quand vous nous l\u2019avez demand\u00e9 ;<\/li><li>commercialiser nos produits et services.<\/li><li>traiter une commande si les commandes en ligne sont accessibles ;<\/li><\/ul><p>Si vous nous fournissez des informations concernant votre carde de cr\u00e9dit, nous utilisons cette information pour obtenir le paiement de vos commandes. Quand vous achetez des produits de notre firme sur ce site Web, les d\u00e9tails de votre carte de cr\u00e9dit sont prot\u00e9g\u00e9s par les technologies de cryptage de soci\u00e9t\u00e9s sp\u00e9cialis\u00e9es avec qui nous travaillons sous contrat.<\/p><h2>Cookies<\/h2><h4>QUE SONT LES COOKIES ?<\/h4><p>Un cookie est un petit fichier texte sauv\u00e9 par le serveur d\u2019un site web dans le navigateur de votre ordinateur ou de votre appareil mobile lorsque vous consultez ce site web. Le cookie contient un code unique permettant de reconna\u00eetre votre navigateur lors de votre visite sur le site web (\u00ab\u00a0cookie de session\u00a0\u00bb) ou lors de futures visites r\u00e9p\u00e9t\u00e9es (\u00ab\u00a0cookie permanent\u00a0\u00bb).<\/p><p>Les cookies peuvent \u00eatre plac\u00e9s par le serveur du site web que vous visitez ou par des partenaires avec lesquels ce site web collabore. Le serveur d\u2019un site web peut uniquement lire les cookies qu\u2019il a lui-m\u00eame plac\u00e9s ; il n\u2019a acc\u00e8s \u00e0 aucune autre information se trouvant sur votre ordinateur ou sur votre appareil mobile. Les cookies sont stock\u00e9s sur votre ordinateur ou appareil mobile dans le r\u00e9pertoire de votre navigateur. Le contenu d\u2019un cookie se compose en g\u00e9n\u00e9ral du nom du serveur qui a plac\u00e9 le cookie, d\u2019une date d\u2019expiration et d\u2019un code chiffr\u00e9 unique.<\/p><p>Les cookies assurent une interaction g\u00e9n\u00e9ralement plus ais\u00e9e et plus rapide entre le visiteur et le site web. De plus, ils aident le visiteur \u00e0 naviguer entre les diff\u00e9rentes parties du site web. Les cookies peuvent \u00e9galement \u00eatre utilis\u00e9s pour rendre le contenu d\u2019un site web ou la publicit\u00e9 pr\u00e9sente sur ce site plus pertinents pour le visiteur et adapter le site web aux go\u00fbts personnels et aux besoins du visiteur.<\/p><h4>UTILISATION DE COOKIES<\/h4><p>Nous utilisons diff\u00e9rents types de cookies :<\/p><p>1\/ Cookies indispensables<\/p><p>Ces cookies sont requis pour permettre la visite de nos sites web et l\u2019utilisation de certaines parties de ceux-ci. Ces cookies vous permettent par exemple de naviguer entre les diff\u00e9rentes rubriques des sites web, de compl\u00e9ter des formulaires, de passer des commandes et d\u2019actualiser le contenu de votre panier (si le webshop est accessible). De m\u00eame, lorsque vous souhaitez acc\u00e9der \u00e0 votre compte personnel des cookies sont indispensables pour v\u00e9rifier de mani\u00e8re s\u00fbre votre identit\u00e9 avant d\u2019accorder l\u2019acc\u00e8s \u00e0 vos informations personnelles. Si vous refusez ces cookies, certaines rubriques du site web ne fonctionneront pas comme il se doit, voire pas du tout.<\/p><p>2\/ Cookies fonctionnels<\/p><p>Les cookies fonctionnels sont des cookies destin\u00e9s \u00e0 faciliter le fonctionnement de nos sites web, \u00e0 en rendre l\u2019utilisation plus agr\u00e9able pour le visiteur et \u00e0 vous donner une exp\u00e9rience de surf plus personnalis\u00e9e. Il s\u2019agit par exemple des cookies qui retiennent votre choix de langue ou votre segment de clients, ou des cookies qui m\u00e9morisent si vous avez d\u00e9j\u00e0 \u00e9t\u00e9 invit\u00e9 \u00e0 participer \u00e0 une enqu\u00eate, afin que la m\u00eame enqu\u00eate ne vous soit pas propos\u00e9e lors de chaque visite.<\/p><p>3\/ Cookies de performance<\/p><p>Nous utilisons des cookies de performance afin de collecter des informations sur l\u2019utilisation faite de nos sites web par les visiteurs, dans le but d\u2019en am\u00e9liorer le contenu, de mieux les adapter aux souhaits des visiteurs et d\u2019en augmenter la convivialit\u00e9. Ainsi, nous utilisons par exemple un cookie comptabilisant le nombre de visiteurs uniques et un autre analysant la popularit\u00e9 de nos pages.<\/p><h4>GESTION DES COOKIES<\/h4><p>Dans les param\u00e8tres de votre navigateur, vous avez la possibilit\u00e9 de refuser l\u2019installation des cookies et vous pouvez \u00e0 tout moment y supprimer les cookies d\u00e9j\u00e0 install\u00e9s sur votre ordinateur ou sur votre terminal mobile.<\/p><h2>R\u00e8glement G\u00e9n\u00e9ral de la Protection des Donn\u00e9es<\/h2><p>Suite \u00e0 la nouvelle r\u00e9glementation RGPD, nous devons vous informer sur<br \/>l\u2019usage des donn\u00e9es personnelles.<\/p><h4>Comment ? Pourquoi ?<\/h4><ul><li>Nos donn\u00e9es clients sont stock\u00e9es \u00e0 des fins de facturation, newsletter et suivi commercial.<\/li><li>Les adresses mails peuvent \u00eatre utilis\u00e9es :<ul><li>\u00e0 des fins administratives (envoi de facture, devis,\u2026)<\/li><li>publicitaires se rapportant \u00e0 notre soci\u00e9t\u00e9<\/li><\/ul><\/li><\/ul><p><em>Toutes les donn\u00e9es ne sont ni d\u00e9centralis\u00e9es ni fournies \u00e0 des tierces<\/em><br \/><em>personnes et utilis\u00e9es \u00e0 d\u2019autres usages repris ci-dessus.<\/em><\/p><h3>Nos services et manipulation des donn\u00e9es<\/h3><ul><li>Toutes les donn\u00e9es dans nos syst\u00e8mes seront trait\u00e9es conform\u00e9ment aux<br \/>instructions du client, telles qu\u2019elles sont d\u00e9crites dans nos accords actuels et<br \/>mis \u00e0 jour pour le RGPD sur le traitement des donn\u00e9es.<\/li><li>Nous utilisons le chiffrement pour prot\u00e9ger les donn\u00e9es lors de leur transfert et de leur stockage. Ceux-ci sont conserv\u00e9s sur des disques crypt\u00e9s.<\/li><li>Les donn\u00e9es personnelles sont conserv\u00e9es uniquement le temps n\u00e9cessaire \u00e0 l\u2019accomplissement de l\u2019objectif qui \u00e9tait poursuivi lors de leur collecte.<\/li><\/ul><p>Toujours en accord avec le client, nous pouvons \u00e9tendre la dur\u00e9e* de conservations des donn\u00e9es afin de v\u00e9rifier l\u2019int\u00e9gralit\u00e9 du transfert.<\/p><p>Le respect de votre vie priv\u00e9e est pris tr\u00e8s au s\u00e9rieux et nous vous garantissons la confidentialit\u00e9 maximum pour vos donn\u00e9es.<br \/>(* suivant la limite autoris\u00e9e par la r\u00e9glementation)<\/p>\t\t\t\t\t<\/div>\n\t\t\t\t\t\t<\/div>\n\t\t\t\t<\/div>\n\t\t\t\t<div class=\"elementor-element elementor-element-4fde867 btn btnInvestir elementor-align-left elementor-mobile-align-left elementor-widget elementor-widget-button\" data-id=\"4fde867\" data-element_type=\"widget\" data-settings=\"{&quot;motion_fx_motion_fx_scrolling&quot;:&quot;yes&quot;,&quot;motion_fx_opacity_effect&quot;:&quot;yes&quot;,&quot;motion_fx_opacity_direction&quot;:&quot;in-out&quot;,&quot;motion_fx_opacity_level&quot;:{&quot;unit&quot;:&quot;px&quot;,&quot;size&quot;:10,&quot;sizes&quot;:[]},&quot;motion_fx_opacity_range&quot;:{&quot;unit&quot;:&quot;%&quot;,&quot;size&quot;:&quot;&quot;,&quot;sizes&quot;:{&quot;start&quot;:20,&quot;end&quot;:80}},&quot;motion_fx_devices&quot;:[&quot;desktop&quot;,&quot;tablet&quot;,&quot;mobile&quot;]}\" data-widget_type=\"button.default\">\n\t\t\t\t<div class=\"elementor-widget-container\">\n\t\t\t\t\t<div class=\"elementor-button-wrapper\">\n\t\t\t<a href=\"https:\/\/elite-properties-international.com\/en\/nos-investissements\/\" class=\"elementor-button-link elementor-button elementor-size-sm\" role=\"button\">\n\t\t\t\t\t\t<span class=\"elementor-button-content-wrapper\">\n\t\t\t\t\t\t\t<span class=\"elementor-button-icon elementor-align-icon-right\">\n\t\t\t\t<svg xmlns=\"http:\/\/www.w3.org\/2000\/svg\" width=\"16.416\" height=\"16\" viewBox=\"0 0 16.416 16\"><defs><style>.a{fill:#fff;}<\/style><\/defs><path class=\"a\" d=\"M6.979,38.722l.813-.813a.876.876,0,0,1,1.242,0l7.122,7.119a.876.876,0,0,1,0,1.242L9.035,53.391a.876.876,0,0,1-1.242,0l-.813-.813a.88.88,0,0,1,.015-1.257l4.415-4.206H.879A.877.877,0,0,1,0,46.236V45.064a.877.877,0,0,1,.879-.879h10.53L6.994,39.978A.874.874,0,0,1,6.979,38.722Z\" transform=\"translate(0 -37.65)\"><\/path><\/svg>\t\t\t<\/span>\n\t\t\t\t\t\t<span class=\"elementor-button-text\">Investir avec Elite<\/span>\n\t\t<\/span>\n\t\t\t\t\t<\/a>\n\t\t<\/div>\n\t\t\t\t<\/div>\n\t\t\t\t<\/div>\n\t\t\t\t\t\t<\/div>\n\t\t\t\t\t<\/div>\n\t\t<\/div>\n\t\t\t\t\t\t\t\t<\/div>\n\t\t\t\t\t<\/div>\n\t\t<\/section>\n\t\t\t\t\t\t<\/div>\n\t\t\t\t\t<\/div>\n\t\t<\/div>\n\t\t\t\t\t\t\t\t<\/div>\n\t\t\t\t\t<\/div>\n\t\t<\/section>\n\t\t\t\t\t\t\t\t\t<\/div>\n\t\t\t<\/div>\n\t\t\t\t\t<\/div>\n\t\t","protected":false},"excerpt":{"rendered":"<p>Ce site web vous est offert sous r\u00e9serve de votre acceptation inconditionnelle des conditions d\u2019utilisation, des clauses et avertissements repris dans ce document. Par votre acc\u00e8s et utilisation du site web, vous acceptez les mentions l\u00e9gales sans aucunes r\u00e9serves. G\u00c9N\u00c9RALIT\u00c9S Le pr\u00e9sent site web est d\u00e9velopp\u00e9 par BEATIVO, d\u00e9nomm\u00e9e ci-apr\u00e8s \u00ab BEATIVO\u00bb, pour le compte &hellip;<\/p>\n<p class=\"read-more\"> <a class=\"\" href=\"https:\/\/elite-properties-international.com\/en\/mentions-legales\/\"> <span class=\"screen-reader-text\">Legal Notice<\/span> Read More &raquo;<\/a><\/p>\n","protected":false},"author":22,"featured_media":4217,"parent":0,"menu_order":29,"comment_status":"closed","ping_status":"closed","template":"","meta":[],"aioseo_notices":[],"acf":[],"_links":{"self":[{"href":"https:\/\/elite-properties-international.com\/en\/wp-json\/wp\/v2\/pages\/4652"}],"collection":[{"href":"https:\/\/elite-properties-international.com\/en\/wp-json\/wp\/v2\/pages"}],"about":[{"href":"https:\/\/elite-properties-international.com\/en\/wp-json\/wp\/v2\/types\/page"}],"author":[{"embeddable":true,"href":"https:\/\/elite-properties-international.com\/en\/wp-json\/wp\/v2\/users\/22"}],"replies":[{"embeddable":true,"href":"https:\/\/elite-properties-international.com\/en\/wp-json\/wp\/v2\/comments?post=4652"}],"version-history":[{"count":0,"href":"https:\/\/elite-properties-international.com\/en\/wp-json\/wp\/v2\/pages\/4652\/revisions"}],"wp:featuredmedia":[{"embeddable":true,"href":"https:\/\/elite-properties-international.com\/en\/wp-json\/wp\/v2\/media\/4217"}],"wp:attachment":[{"href":"https:\/\/elite-properties-international.com\/en\/wp-json\/wp\/v2\/media?parent=4652"}],"curies":[{"name":"wp","href":"https:\/\/api.w.org\/{rel}","templated":true}]}}